{"id":186,"date":"2016-09-28T06:03:52","date_gmt":"2016-09-28T06:03:52","guid":{"rendered":"http:\/\/www.demo.acmethemes.com\/mercantile\/?page_id=38"},"modified":"2022-05-03T07:57:19","modified_gmt":"2022-05-03T07:57:19","slug":"innovacion","status":"publish","type":"page","link":"https:\/\/plusaftermarket.com\/plus\/innovacion\/","title":{"rendered":"INNOVACI\u00d3N"},"content":{"rendered":"\n<h3 class=\"wp-block-heading\">INNOVACI\u00d3N<\/h3>\n\n\n\n<h5 class=\"wp-block-heading\"><strong><i>El estar en contacto directo con los fabricantes de autom\u00f3viles, nos permite conocer con antelaci\u00f3n sus necesidades t\u00e9cnicas y dise\u00f1o.<\/i><br><\/strong><\/h5>\n\n\n\n<hr class=\"wp-block-separator\"\/>\n\n\n\n<h3 class=\"has-vivid-cyan-blue-color has-text-color wp-block-heading\">Antes<\/h3>\n\n\n\n<h5 class=\"wp-block-heading\"><strong><i><strong><em>Posici\u00f3n externa, soldado a tubo de escape o catalizador. Protecci\u00f3n malla de acero<\/em><\/strong>.<\/i><br><\/strong><\/h5>\n\n\n\n<div class=\"wp-block-image\"><figure class=\"aligncenter size-full\"><img loading=\"lazy\" decoding=\"async\" width=\"440\" height=\"204\" src=\"https:\/\/plusaftermarket.com\/plus\/wp-content\/uploads\/antes_1.jpg\" alt=\"\" class=\"wp-image-763\"\/><\/figure><\/div>\n\n\n\n<div class=\"wp-block-image\"><figure class=\"aligncenter size-full\"><img loading=\"lazy\" decoding=\"async\" width=\"353\" height=\"175\" src=\"https:\/\/plusaftermarket.com\/plus\/wp-content\/uploads\/antes_11.jpg\" alt=\"\" class=\"wp-image-768\"\/><\/figure><\/div>\n\n\n\n<h3 class=\"has-vivid-cyan-blue-color has-text-color wp-block-heading\">Ahora<\/h3>\n\n\n\n<h5 class=\"wp-block-heading\"><strong><i><strong><em>Posici\u00f3n interna, soldado a catalizador, filtro de part\u00edculas, Protecci\u00f3n con trenza de acero.<\/em><\/strong><\/i><\/strong><\/h5>\n\n\n\n<div class=\"wp-block-image\"><figure class=\"aligncenter size-full\"><img loading=\"lazy\" decoding=\"async\" width=\"449\" height=\"175\" src=\"https:\/\/plusaftermarket.com\/plus\/wp-content\/uploads\/ahora_1.jpg\" alt=\"\" class=\"wp-image-783\"\/><\/figure><\/div>\n\n\n\n<div class=\"wp-block-image\"><figure class=\"aligncenter size-full is-resized\"><img loading=\"lazy\" decoding=\"async\" src=\"https:\/\/plusaftermarket.com\/plus\/wp-content\/uploads\/ahora_11.jpg\" alt=\"\" class=\"wp-image-784\" width=\"335\" height=\"158\"\/><\/figure><\/div>\n\n\n\n<hr class=\"wp-block-separator\"\/>\n\n\n\n<h3 class=\"wp-block-heading\"><strong>Algunas restricciones de dise\u00f1o que determinan el tipo del flexible, incluyen:<\/strong><\/h3>\n\n\n\n<ul class=\"wp-block-list\"><li><strong>Orientaci\u00f3n transversal o longitudinal del motor<\/strong><\/li><li><strong>Cantidad y ubicaci\u00f3n de los soportes del escape<\/strong><\/li><li><strong>Alineaci\u00f3n permitida del escape en relaci\u00f3n con el eje del balanceo del motor, desplazamientos, torsi\u00f3n, etc.<\/strong><\/li><li><strong>Zona de ensamblaje disponible en el escape del veh\u00edculo<\/strong><\/li><li><strong>Temperaturas de los gases de escape en varios lugares del sistema<\/strong><\/li><\/ul>\n","protected":false},"excerpt":{"rendered":"<p>El sistema de escape de las cada vez m\u00e1s potentes motorizaciones, va conectado directamente al motor, para descargar los gases a trav\u00e9s de catalizadores, filtros de part\u00edculas, etc. produciendo un mayor NVH (ruido, vibraci\u00f3n, dureza), de ah\u00ed la necesidad de la mejora continua en el Flexible de Escape.<\/p>\n","protected":false},"author":2,"featured_media":722,"parent":0,"menu_order":0,"comment_status":"closed","ping_status":"closed","template":"","meta":{"footnotes":""},"class_list":["post-186","page","type-page","status-publish","has-post-thumbnail","hentry"],"_links":{"self":[{"href":"https:\/\/plusaftermarket.com\/plus\/wp-json\/wp\/v2\/pages\/186","targetHints":{"allow":["GET"]}}],"collection":[{"href":"https:\/\/plusaftermarket.com\/plus\/wp-json\/wp\/v2\/pages"}],"about":[{"href":"https:\/\/plusaftermarket.com\/plus\/wp-json\/wp\/v2\/types\/page"}],"author":[{"embeddable":true,"href":"https:\/\/plusaftermarket.com\/plus\/wp-json\/wp\/v2\/users\/2"}],"replies":[{"embeddable":true,"href":"https:\/\/plusaftermarket.com\/plus\/wp-json\/wp\/v2\/comments?post=186"}],"version-history":[{"count":25,"href":"https:\/\/plusaftermarket.com\/plus\/wp-json\/wp\/v2\/pages\/186\/revisions"}],"predecessor-version":[{"id":880,"href":"https:\/\/plusaftermarket.com\/plus\/wp-json\/wp\/v2\/pages\/186\/revisions\/880"}],"wp:featuredmedia":[{"embeddable":true,"href":"https:\/\/plusaftermarket.com\/plus\/wp-json\/wp\/v2\/media\/722"}],"wp:attachment":[{"href":"https:\/\/plusaftermarket.com\/plus\/wp-json\/wp\/v2\/media?parent=186"}],"curies":[{"name":"wp","href":"https:\/\/api.w.org\/{rel}","templated":true}]}}